{"id":12,"date":"2011-10-11T08:01:40","date_gmt":"2011-10-11T08:01:40","guid":{"rendered":"http:\/\/www.wetzelkotz.de\/?page_id=12"},"modified":"2012-07-21T20:13:37","modified_gmt":"2012-07-21T20:13:37","slug":"hannos","status":"publish","type":"page","link":"http:\/\/www.wetzelkotz.de\/?page_id=12","title":{"rendered":"HANNOS"},"content":{"rendered":"<p><a href=\"http:\/\/www.wetzelkotz.de\/wp-content\/uploads\/2011\/10\/queen.jpg\"><img loading=\"lazy\" class=\"alignleft size-full wp-image-59\" title=\"queen\" src=\"http:\/\/www.wetzelkotz.de\/wp-content\/uploads\/2011\/10\/queen.jpg\" alt=\"\" width=\"185\" height=\"275\" \/><\/a>Carlotta Spinnehuhn<\/p>\n<p>G\u00f6ran<\/p>\n<p>Hannah Carlotta Montana-Meyer<\/p>\n<p>Hannah Walter Franken-Steinmeyer<\/p>\n<p>Hannator<\/p>\n<p>Hannos (&amp; Leylos)<\/p>\n<p>H. C. S.<\/p>\n<p>Kr\u00f6tenfr\u00f6t<\/p>\n<p>Leutnant Hannowski<\/p>\n<p>Pestseuche<\/p>\n","protected":false},"excerpt":{"rendered":"<p>Carlotta Spinnehuhn G\u00f6ran Hannah Carlotta Montana-Meyer Hannah Walter Franken-Steinmeyer Hannator Hannos (&amp; Leylos) H. C. S. Kr\u00f6tenfr\u00f6t Leutnant Hannowski Pestseuche<\/p>\n","protected":false},"author":2,"featured_media":0,"parent":0,"menu_order":0,"comment_status":"open","ping_status":"open","template":"","meta":[],"_links":{"self":[{"href":"http:\/\/www.wetzelkotz.de\/index.php?rest_route=\/wp\/v2\/pages\/12"}],"collection":[{"href":"http:\/\/www.wetzelkotz.de\/index.php?rest_route=\/wp\/v2\/pages"}],"about":[{"href":"http:\/\/www.wetzelkotz.de\/index.php?rest_route=\/wp\/v2\/types\/page"}],"author":[{"embeddable":true,"href":"http:\/\/www.wetzelkotz.de\/index.php?rest_route=\/wp\/v2\/users\/2"}],"replies":[{"embeddable":true,"href":"http:\/\/www.wetzelkotz.de\/index.php?rest_route=%2Fwp%2Fv2%2Fcomments&post=12"}],"version-history":[{"count":0,"href":"http:\/\/www.wetzelkotz.de\/index.php?rest_route=\/wp\/v2\/pages\/12\/revisions"}],"wp:attachment":[{"href":"http:\/\/www.wetzelkotz.de\/index.php?rest_route=%2Fwp%2Fv2%2Fmedia&parent=12"}],"curies":[{"name":"wp","href":"https:\/\/api.w.org\/{rel}","templated":true}]}}